{"id":2197,"date":"2023-05-23T21:19:51","date_gmt":"2023-05-23T21:19:51","guid":{"rendered":"https:\/\/rar-eko.si\/selbstversorgende-einrichtungen\/"},"modified":"2025-07-16T09:01:37","modified_gmt":"2025-07-16T09:01:37","slug":"selbstversorgende-einrichtungen","status":"publish","type":"page","link":"https:\/\/rar-eko.si\/de\/selbstversorgende-einrichtungen\/","title":{"rendered":"Selbstversorgende Einrichtungen"},"content":{"rendered":"<div class=\"wpb-content-wrapper\"><p>[vc_row][vc_column][ind_custom_heading heading=&#8220;Selbstversorgende Einrichtungen&#8220; heading_color=&#8220;#213911&#8243; colored_line=&#8220;yes&#8220; position=&#8220;center&#8220;][vc_single_image image=&#8220;1461&#8243; img_size=&#8220;full&#8220; alignment=&#8220;center&#8220;][\/vc_column][\/vc_row][vc_row][vc_column][vc_empty_space][\/vc_column][\/vc_row][vc_row][vc_column][vc_column_text]<span style=\"color: #808080;\">Bei Rar-eko s.o.o. sind wir immer auf der Suche nach neuen Entwicklungen, weshalb wir im Jahr 2020 mit dem Bau schl\u00fcsselfertiger, autarker Anlagen begonnen haben.<\/span><\/p>\n<p><span style=\"color: #808080;\">Autarke Geb\u00e4ude erzeugen ihren gesamten Strombedarf durch die Nutzung der Sonnenenergie. Die erzeugte Strommenge wird in einem Speichertank (Batterie) gespeichert. Autarke Geb\u00e4ude sind eine der sinnvollsten Investitionen, denn mit dem Bau eines Solarkraftwerks erzeugen wir den gesamten ben\u00f6tigten Strom selbst und werden v\u00f6llig unabh\u00e4ngig.<\/span>[\/vc_column_text][vc_empty_space][ind_custom_heading heading=&#8220;Warum selbstversorgende Einrichtungen w\u00e4hlen?&#8220; heading_color=&#8220;#213911&#8243; colored_line=&#8220;yes&#8220; position=&#8220;center&#8220;][vc_row_inner][vc_column_inner][vc_column_text]<\/p>\n<ul>\n<li><span style=\"color: #6c6c6c;\">Ihr Geb\u00e4ude modern und energieunabh\u00e4ngig machen<\/span><\/li>\n<li><span style=\"color: #6c6c6c;\">M\u00f6glichkeit, ein g\u00fcnstiges Darlehen aus dem ECO-Fonds zu erhalten (bis zu 10 Jahre)<\/span><\/li>\n<li><span style=\"color: #6c6c6c;\">Staatlicher Zuschuss, 180,00 EUR \/ kW installierte Nennleistung oder. maximal 20% der Gesamtinvestition<\/span><\/li>\n<li><span style=\"color: #6c6c6c;\">Unabh\u00e4ngigkeit von Stromausf\u00e4llen und Stromversteigerungen<\/span><\/li>\n<li><span style=\"color: #6c6c6c;\">Einen Beitrag zu einer gr\u00fcneren Zukunft leisten<\/span><\/li>\n<li><span style=\"color: #6c6c6c;\">Weil die Energie der Sonne eine kostenlose Ressource ist<\/span><\/li>\n<\/ul>\n<p><span style=\"color: #6c6c6c;\">Unser Expertenteam ber\u00e4t Sie gerne bei der Planung einer autarken Anlage.<\/span><\/p>\n<h4><span style=\"color: #6c6c6c;\">Wir freuen uns auf die Zusammenarbeit mit Ihnen und auf die neue Herausforderung. <a style=\"color: #6c6c6c;\" href=\"https:\/\/rar-eko.si\/de\/kontakt\/\">Kontaktieren Sie uns noch heute<\/a>.<\/span><\/h4>\n<p>[\/vc_column_text][\/vc_column_inner][\/vc_row_inner][\/vc_column][\/vc_row]<\/p>\n<\/div>","protected":false},"excerpt":{"rendered":"<p>[vc_row][vc_column][ind_custom_heading heading=&#8220;Selbstversorgende Einrichtungen&#8220; heading_color=&#8220;#213911&#8243; colored_line=&#8220;yes&#8220; position=&#8220;center&#8220;][vc_single_image image=&#8220;1461&#8243; img_size=&#8220;full&#8220; alignment=&#8220;center&#8220;][\/vc_column][\/vc_row][vc_row][vc_column][vc_empty_space][\/vc_column][\/vc_row][vc_row][vc_column][vc_column_text]Bei Rar-eko s.o.o. sind wir immer auf der Suche nach neuen Entwicklungen, weshalb &#8230;<\/p>\n","protected":false},"author":20,"featured_media":0,"parent":0,"menu_order":0,"comment_status":"closed","ping_status":"closed","template":"","meta":{"footnotes":""},"yoast_head":"<!-- This site is optimized with the Yoast SEO plugin v22.1 - https:\/\/yoast.com\/wordpress\/plugins\/seo\/ -->\n<title>Selbstversorgende Einrichtungen | Rar-eko<\/title>\n<meta name=\"description\" content=\"V\u00f6llige Unabh\u00e4ngigkeit durch Nutzung der Kraft der Sonne. Unsere Innovationen erm\u00f6glichen Geb\u00e4ude, die ihren eigenen Strom erzeugen und speichern.\" \/>\n<meta name=\"robots\" content=\"index, follow, max-snippet:-1, max-image-preview:large, max-video-preview:-1\" \/>\n<link rel=\"canonical\" href=\"https:\/\/rar-eko.si\/de\/selbstversorgende-einrichtungen\/\" \/>\n<meta property=\"og:locale\" content=\"de_DE\" \/>\n<meta property=\"og:type\" content=\"article\" \/>\n<meta property=\"og:title\" content=\"Selbstversorgende Einrichtungen | Rar-eko\" \/>\n<meta property=\"og:description\" content=\"V\u00f6llige Unabh\u00e4ngigkeit durch Nutzung der Kraft der Sonne. Unsere Innovationen erm\u00f6glichen Geb\u00e4ude, die ihren eigenen Strom erzeugen und speichern.\" \/>\n<meta property=\"og:url\" content=\"https:\/\/rar-eko.si\/de\/selbstversorgende-einrichtungen\/\" \/>\n<meta property=\"og:site_name\" content=\"RAR-EKO d.o.o.\" \/>\n<meta property=\"article:publisher\" content=\"https:\/\/www.facebook.com\/RarecoKonstrukcije\/\" \/>\n<meta property=\"article:modified_time\" content=\"2025-07-16T09:01:37+00:00\" \/>\n<meta property=\"og:image\" content=\"https:\/\/rar-eko.si\/wp-content\/uploads\/2023\/05\/rareco-logo.png\" \/>\n\t<meta property=\"og:image:width\" content=\"200\" \/>\n\t<meta property=\"og:image:height\" content=\"75\" \/>\n\t<meta property=\"og:image:type\" content=\"image\/png\" \/>\n<meta name=\"twitter:card\" content=\"summary_large_image\" \/>\n<meta name=\"twitter:label1\" content=\"Gesch\u00e4tzte Lesezeit\" \/>\n\t<meta name=\"twitter:data1\" content=\"2 Minuten\" \/>\n<script type=\"application\/ld+json\" class=\"yoast-schema-graph\">{\"@context\":\"https:\/\/schema.org\",\"@graph\":[{\"@type\":\"WebPage\",\"@id\":\"https:\/\/rar-eko.si\/de\/selbstversorgende-einrichtungen\/\",\"url\":\"https:\/\/rar-eko.si\/de\/selbstversorgende-einrichtungen\/\",\"name\":\"Selbstversorgende Einrichtungen | Rar-eko\",\"isPartOf\":{\"@id\":\"https:\/\/rar-eko.si\/de\/#website\"},\"datePublished\":\"2023-05-23T21:19:51+00:00\",\"dateModified\":\"2025-07-16T09:01:37+00:00\",\"description\":\"V\u00f6llige Unabh\u00e4ngigkeit durch Nutzung der Kraft der Sonne. Unsere Innovationen erm\u00f6glichen Geb\u00e4ude, die ihren eigenen Strom erzeugen und speichern.\",\"breadcrumb\":{\"@id\":\"https:\/\/rar-eko.si\/de\/selbstversorgende-einrichtungen\/#breadcrumb\"},\"inLanguage\":\"de-DE\",\"potentialAction\":[{\"@type\":\"ReadAction\",\"target\":[\"https:\/\/rar-eko.si\/de\/selbstversorgende-einrichtungen\/\"]}]},{\"@type\":\"BreadcrumbList\",\"@id\":\"https:\/\/rar-eko.si\/de\/selbstversorgende-einrichtungen\/#breadcrumb\",\"itemListElement\":[{\"@type\":\"ListItem\",\"position\":1,\"name\":\"Home\",\"item\":\"https:\/\/rar-eko.si\/de\/\"},{\"@type\":\"ListItem\",\"position\":2,\"name\":\"Selbstversorgende Einrichtungen\"}]},{\"@type\":\"WebSite\",\"@id\":\"https:\/\/rar-eko.si\/de\/#website\",\"url\":\"https:\/\/rar-eko.si\/de\/\",\"name\":\"Rar-eko\",\"description\":\"Varni pod streho !\",\"publisher\":{\"@id\":\"https:\/\/rar-eko.si\/de\/#organization\"},\"potentialAction\":[{\"@type\":\"SearchAction\",\"target\":{\"@type\":\"EntryPoint\",\"urlTemplate\":\"https:\/\/rar-eko.si\/de\/?s={search_term_string}\"},\"query-input\":\"required name=search_term_string\"}],\"inLanguage\":\"de-DE\"},{\"@type\":\"Organization\",\"@id\":\"https:\/\/rar-eko.si\/de\/#organization\",\"name\":\"Rar-eko\",\"url\":\"https:\/\/rar-eko.si\/de\/\",\"logo\":{\"@type\":\"ImageObject\",\"inLanguage\":\"de-DE\",\"@id\":\"https:\/\/rar-eko.si\/de\/#\/schema\/logo\/image\/\",\"url\":\"https:\/\/rar-eko.si\/wp-content\/uploads\/2023\/07\/rar-eco-logo.jpg\",\"contentUrl\":\"https:\/\/rar-eko.si\/wp-content\/uploads\/2023\/07\/rar-eco-logo.jpg\",\"width\":1080,\"height\":1080,\"caption\":\"Rar-eko\"},\"image\":{\"@id\":\"https:\/\/rar-eko.si\/de\/#\/schema\/logo\/image\/\"},\"sameAs\":[\"https:\/\/www.facebook.com\/RarecoKonstrukcije\/\"]}]}<\/script>\n<!-- \/ Yoast SEO plugin. -->","yoast_head_json":{"title":"Selbstversorgende Einrichtungen | Rar-eko","description":"V\u00f6llige Unabh\u00e4ngigkeit durch Nutzung der Kraft der Sonne. Unsere Innovationen erm\u00f6glichen Geb\u00e4ude, die ihren eigenen Strom erzeugen und speichern.","robots":{"index":"index","follow":"follow","max-snippet":"max-snippet:-1","max-image-preview":"max-image-preview:large","max-video-preview":"max-video-preview:-1"},"canonical":"https:\/\/rar-eko.si\/de\/selbstversorgende-einrichtungen\/","og_locale":"de_DE","og_type":"article","og_title":"Selbstversorgende Einrichtungen | Rar-eko","og_description":"V\u00f6llige Unabh\u00e4ngigkeit durch Nutzung der Kraft der Sonne. Unsere Innovationen erm\u00f6glichen Geb\u00e4ude, die ihren eigenen Strom erzeugen und speichern.","og_url":"https:\/\/rar-eko.si\/de\/selbstversorgende-einrichtungen\/","og_site_name":"RAR-EKO d.o.o.","article_publisher":"https:\/\/www.facebook.com\/RarecoKonstrukcije\/","article_modified_time":"2025-07-16T09:01:37+00:00","og_image":[{"width":200,"height":75,"url":"https:\/\/rar-eko.si\/wp-content\/uploads\/2023\/05\/rareco-logo.png","type":"image\/png"}],"twitter_card":"summary_large_image","twitter_misc":{"Gesch\u00e4tzte Lesezeit":"2 Minuten"},"schema":{"@context":"https:\/\/schema.org","@graph":[{"@type":"WebPage","@id":"https:\/\/rar-eko.si\/de\/selbstversorgende-einrichtungen\/","url":"https:\/\/rar-eko.si\/de\/selbstversorgende-einrichtungen\/","name":"Selbstversorgende Einrichtungen | Rar-eko","isPartOf":{"@id":"https:\/\/rar-eko.si\/de\/#website"},"datePublished":"2023-05-23T21:19:51+00:00","dateModified":"2025-07-16T09:01:37+00:00","description":"V\u00f6llige Unabh\u00e4ngigkeit durch Nutzung der Kraft der Sonne. Unsere Innovationen erm\u00f6glichen Geb\u00e4ude, die ihren eigenen Strom erzeugen und speichern.","breadcrumb":{"@id":"https:\/\/rar-eko.si\/de\/selbstversorgende-einrichtungen\/#breadcrumb"},"inLanguage":"de-DE","potentialAction":[{"@type":"ReadAction","target":["https:\/\/rar-eko.si\/de\/selbstversorgende-einrichtungen\/"]}]},{"@type":"BreadcrumbList","@id":"https:\/\/rar-eko.si\/de\/selbstversorgende-einrichtungen\/#breadcrumb","itemListElement":[{"@type":"ListItem","position":1,"name":"Home","item":"https:\/\/rar-eko.si\/de\/"},{"@type":"ListItem","position":2,"name":"Selbstversorgende Einrichtungen"}]},{"@type":"WebSite","@id":"https:\/\/rar-eko.si\/de\/#website","url":"https:\/\/rar-eko.si\/de\/","name":"Rar-eko","description":"Varni pod streho !","publisher":{"@id":"https:\/\/rar-eko.si\/de\/#organization"},"potentialAction":[{"@type":"SearchAction","target":{"@type":"EntryPoint","urlTemplate":"https:\/\/rar-eko.si\/de\/?s={search_term_string}"},"query-input":"required name=search_term_string"}],"inLanguage":"de-DE"},{"@type":"Organization","@id":"https:\/\/rar-eko.si\/de\/#organization","name":"Rar-eko","url":"https:\/\/rar-eko.si\/de\/","logo":{"@type":"ImageObject","inLanguage":"de-DE","@id":"https:\/\/rar-eko.si\/de\/#\/schema\/logo\/image\/","url":"https:\/\/rar-eko.si\/wp-content\/uploads\/2023\/07\/rar-eco-logo.jpg","contentUrl":"https:\/\/rar-eko.si\/wp-content\/uploads\/2023\/07\/rar-eco-logo.jpg","width":1080,"height":1080,"caption":"Rar-eko"},"image":{"@id":"https:\/\/rar-eko.si\/de\/#\/schema\/logo\/image\/"},"sameAs":["https:\/\/www.facebook.com\/RarecoKonstrukcije\/"]}]}},"_links":{"self":[{"href":"https:\/\/rar-eko.si\/de\/wp-json\/wp\/v2\/pages\/2197"}],"collection":[{"href":"https:\/\/rar-eko.si\/de\/wp-json\/wp\/v2\/pages"}],"about":[{"href":"https:\/\/rar-eko.si\/de\/wp-json\/wp\/v2\/types\/page"}],"author":[{"embeddable":true,"href":"https:\/\/rar-eko.si\/de\/wp-json\/wp\/v2\/users\/20"}],"replies":[{"embeddable":true,"href":"https:\/\/rar-eko.si\/de\/wp-json\/wp\/v2\/comments?post=2197"}],"version-history":[{"count":5,"href":"https:\/\/rar-eko.si\/de\/wp-json\/wp\/v2\/pages\/2197\/revisions"}],"predecessor-version":[{"id":3468,"href":"https:\/\/rar-eko.si\/de\/wp-json\/wp\/v2\/pages\/2197\/revisions\/3468"}],"wp:attachment":[{"href":"https:\/\/rar-eko.si\/de\/wp-json\/wp\/v2\/media?parent=2197"}],"curies":[{"name":"wp","href":"https:\/\/api.w.org\/{rel}","templated":true}]}}