{"id":2140,"date":"2017-02-01T11:50:20","date_gmt":"2017-02-01T11:50:20","guid":{"rendered":"https:\/\/rar-eko.si\/montageobjekte\/"},"modified":"2025-07-14T11:54:39","modified_gmt":"2025-07-14T11:54:39","slug":"montageobjekte","status":"publish","type":"page","link":"https:\/\/rar-eko.si\/de\/montageobjekte\/","title":{"rendered":"MONTAGEOBJEKTE"},"content":{"rendered":"<div class=\"wpb-content-wrapper\"><p>[vc_row row_type=&#8220;row_full_center_content&#8220; class=&#8220;image_sec&#8220; el_class=&#8220;service-tab-box&#8220; css=&#8220;.vc_custom_1634218515344{padding-top: 0px !important;padding-bottom: 100px !important;}&#8220;][vc_column width=&#8220;7\/12&#8243; el_class=&#8220;left=ser resp-sol&#8220;][vc_column_text el_class=&#8220;h6_class&#8220;]<\/p>\n<h1>RAR-EKO: MEISTER BEIM BAU VON MONTAGEOBJEKTEN<\/h1>\n<p>Vorgefertigte Geb\u00e4ude bieten eine moderne, schnelle und effiziente L\u00f6sung f\u00fcr eine Vielzahl von Baubed\u00fcrfnissen. Ihr Hauptvorteil ist ihre Modularit\u00e4t, die eine flexible Anpassung an die Anforderungen und Spezifikationen des jeweiligen Projekts erm\u00f6glicht.<\/p>\n<p class=\"none\">Beim Unternehmen Rar-eko d.o.o. besch\u00e4ftigen wir uns schon seit zwei Jahrzehnten mit der Herstellung, dem Bau und der Montage verschiedener Montageobjekte. Wir bieten qualitativ hochwertige und wirksame Rauml\u00f6sungen in Form von Lagern, Industriezelten und Montagehallen, die Ihnen als Zusatzraum zur sicheren Lagerung von Landwirtschaftsmaschinen und Material dienen. Ebenfalls k\u00f6nnen sie als Ausstellungs- und Verkaufsraum oder Werkstatt dienen.<\/p>\n<p class=\"none\">Wir streben an, dass unsere Montageobjekte, zusammen mit unserer ganzheitlichen Dienstleistung, qualitativ au\u00dferordentlich hochwertig sind. Unsere Auftraggeber und ihre Bed\u00fcrfnisse werden von uns bei jedem Projekt in den Vordergrund gestellt. Wir besitzen unsere eigene Produktion und ein geschultes, zertifiziertes Team, das daf\u00fcr sorgt, dass Ihr Projekt zum vereinbarten Termin, ohne nachtr\u00e4gliche (unerwartete und unangenehme) \u00dcberraschungen, rechtzeitig aufstellt wird. Wir verfolgen die neuesten Entwicklungen und setzen Einbaumateriale ein, die aus Slowenien stammen und deren Qualit\u00e4t alle Normvorschriften erf\u00fcllt. Unser ausgebildetes und fachm\u00e4nnisches Team stellt f\u00fcr Sie kleinere Montagekonstruktionen nach Ma\u00df oder typisierte Aufstellungen her. Abh\u00e4ngig von Ihren Bed\u00fcrfnissen und Erwartungen. Wir garantieren Ihnen eine hohe Qualit\u00e4t und zu vereinbarten Fristen abgeschlossene Arbeiten.<\/p>\n<p>[\/vc_column_text][\/vc_column][vc_column width=&#8220;5\/12&#8243; el_class=&#8220;resp-img-sol&#8220;][vc_single_image image=&#8220;1368&#8243; img_size=&#8220;full&#8220; alignment=&#8220;right&#8220; el_class=&#8220;display-none&#8220;][\/vc_column][\/vc_row][vc_row][vc_column width=&#8220;1\/2&#8243;][vc_single_image image=&#8220;1371&#8243; img_size=&#8220;full&#8220; alignment=&#8220;center&#8220;][\/vc_column][vc_column width=&#8220;1\/2&#8243; el_class=&#8220;text-box&#8220;][vc_single_image image=&#8220;1575&#8243; img_size=&#8220;full&#8220; alignment=&#8220;center&#8220;][vc_empty_space][vc_column_text]<\/p>\n<p class=\"none\"><span style=\"color: #808080;\">Montageobjekte, die wir f\u00fcr Sie herstellen und aufstellen:<\/span><\/p>\n<ul>\n<li><span style=\"color: #808080;\"><a style=\"color: #808080;\" href=\"https:\/\/rar-eko.si\/services\/industrijski-sotori\/\">Industrie- &amp; Lagerzelte.<\/a><\/span><\/li>\n<li><span style=\"color: #808080;\"><a style=\"color: #808080;\" href=\"https:\/\/rar-eko.si\/services\/industrijske-hale\/\">Industrie- &amp; Lagerhallen.<\/a><\/span><\/li>\n<li><span style=\"color: #808080;\"><a style=\"color: #808080;\" href=\"https:\/\/rar-eko.si\/services\/kmetijski-sotori\/\">Landwirtschaftszelte.<\/a><\/span><\/li>\n<li><span style=\"color: #808080;\"><a style=\"color: #808080;\" href=\"https:\/\/rar-eko.si\/en\/services\/metal-canopies\/\">Verschiedene \u00dcberdachungen.<\/a><\/span><\/li>\n<li><span style=\"color: #808080;\"><a style=\"color: #808080;\" href=\"https:\/\/rar-eko.si\/services\/konstrukcije-po-meri\/\">Andere Konstruktionen nach Ma\u00df.<\/a><\/span><\/li>\n<\/ul>\n<p><span style=\"color: #808080;\">Wir freuen uns auf die Zusammenarbeit mit Ihnen und auf eine neue Herausforderung. Wird sich eine Kooperation ergeben?<\/span><\/p>\n<p><span style=\"color: #808080;\">Nehmen Sie unter der folgenden Telefonnummer telefonisch Kontakt mit uns auf: +386 51 376665 \u2013 Mi\u0161el \u010crnko (technischer Leiter)<\/span>[\/vc_column_text][\/vc_column][\/vc_row][vc_row][vc_column][vc_empty_space][\/vc_column][\/vc_row][vc_row][vc_column][vc_cta h2=&#8220;Nehmen Sie unter der Telefonnummer +386 51 376665 telefonisch Kontakt mit unserem Berater auf oder schreiben Sie uns&#8220; h2_font_container=&#8220;tag:h2|text_align:center|color:%23000000&#8243; h2_google_fonts=&#8220;font_family:Roboto%3A100%2C100italic%2C300%2C300italic%2Cregular%2Citalic%2C500%2C500italic%2C700%2C700italic%2C900%2C900italic|font_style:400%20regular%3A400%3Anormal&#8220; txt_align=&#8220;center&#8220; color=&#8220;black&#8220; add_button=&#8220;right&#8220; btn_title=&#8220;ANFRAGE&#8220; btn_color=&#8220;warning&#8220; btn_align=&#8220;center&#8220; btn_css_animation=&#8220;none&#8220; use_custom_fonts_h2=&#8220;true&#8220; btn_link=&#8220;url:https%3A%2F%2Frar-eco.si%2Fde%2Fanfrage%2F|&#8220; css=&#8220;.vc_custom_1685896907871{background-color: #6dbb34 !important;}&#8220;][\/vc_cta][\/vc_column][\/vc_row][vc_row full_width=&#8220;stretch_row&#8220; row_type=&#8220;row_full_center_content&#8220; css=&#8220;.vc_custom_1634218818355{padding-top: 100px !important;padding-bottom: 100px !important;background-color: #f6f6f6 !important;}&#8220; el_class=&#8220;our-services&#8220;][vc_column][ind_custom_heading heading=&#8220;UNSERE L\u00d6SUNGEN&#8220; colored_line=&#8220;yes&#8220;][ind_our_services number=&#8220;6&#8243; column=&#8220;3&#8243;][\/vc_column][\/vc_row][vc_row row_type=&#8220;row_full_center_content&#8220; el_class=&#8220;our-client&#8220; css=&#8220;.vc_custom_1634218900587{padding-top: 100px !important;padding-bottom: 0px !important;}&#8220;][vc_column][ind_custom_heading heading=&#8220;EINIGE UNSERER GESCH\u00c4TZTEN KUNDEN&#8220; colored_line=&#8220;yes&#8220;][ind_client_listing number=&#8220;6&#8243; layout=&#8220;carousel&#8220; column=&#8220;6&#8243;][\/vc_column][\/vc_row]<\/p>\n<\/div>","protected":false},"excerpt":{"rendered":"<p>[vc_row row_type=&#8220;row_full_center_content&#8220; class=&#8220;image_sec&#8220; el_class=&#8220;service-tab-box&#8220; css=&#8220;.vc_custom_1634218515344{padding-top: 0px !important;padding-bottom: 100px !important;}&#8220;][vc_column width=&#8220;7\/12&#8243; el_class=&#8220;left=ser resp-sol&#8220;][vc_column_text el_class=&#8220;h6_class&#8220;] RAR-EKO: MEISTER BEIM BAU VON MONTAGEOBJEKTEN Vorgefertigte Geb\u00e4ude &#8230;<\/p>\n","protected":false},"author":20,"featured_media":0,"parent":0,"menu_order":0,"comment_status":"closed","ping_status":"closed","template":"","meta":{"footnotes":""},"yoast_head":"<!-- This site is optimized with the Yoast SEO plugin v22.1 - https:\/\/yoast.com\/wordpress\/plugins\/seo\/ -->\n<title>Montageobjekte - schnell, effizient und nachhaltig | Hallen Rar-eko<\/title>\n<meta name=\"description\" content=\"Vorgefertigte Geb\u00e4ude sind eine moderne und wirtschaftliche L\u00f6sung im Baugewerbe. Entdecken Sie unsere hochwertigen, flexiblen und nachhaltigen modularen Einheiten, die f\u00fcr viele Anwendungen geeignet sind.\" \/>\n<meta name=\"robots\" content=\"index, follow, max-snippet:-1, max-image-preview:large, max-video-preview:-1\" \/>\n<link rel=\"canonical\" href=\"https:\/\/rar-eko.si\/de\/montageobjekte\/\" \/>\n<meta property=\"og:locale\" content=\"de_DE\" \/>\n<meta property=\"og:type\" content=\"article\" \/>\n<meta property=\"og:title\" content=\"Montageobjekte - schnell, effizient und nachhaltig | Hallen Rar-eko\" \/>\n<meta property=\"og:description\" content=\"Vorgefertigte Geb\u00e4ude sind eine moderne und wirtschaftliche L\u00f6sung im Baugewerbe. Entdecken Sie unsere hochwertigen, flexiblen und nachhaltigen modularen Einheiten, die f\u00fcr viele Anwendungen geeignet sind.\" \/>\n<meta property=\"og:url\" content=\"https:\/\/rar-eko.si\/de\/montageobjekte\/\" \/>\n<meta property=\"og:site_name\" content=\"RAR-EKO d.o.o.\" \/>\n<meta property=\"article:publisher\" content=\"https:\/\/www.facebook.com\/RarecoKonstrukcije\/\" \/>\n<meta property=\"article:modified_time\" content=\"2025-07-14T11:54:39+00:00\" \/>\n<meta property=\"og:image\" content=\"https:\/\/rar-eko.si\/wp-content\/uploads\/2023\/05\/rareco-logo.png\" \/>\n\t<meta property=\"og:image:width\" content=\"200\" \/>\n\t<meta property=\"og:image:height\" content=\"75\" \/>\n\t<meta property=\"og:image:type\" content=\"image\/png\" \/>\n<meta name=\"twitter:card\" content=\"summary_large_image\" \/>\n<meta name=\"twitter:label1\" content=\"Gesch\u00e4tzte Lesezeit\" \/>\n\t<meta name=\"twitter:data1\" content=\"3 Minuten\" \/>\n<script type=\"application\/ld+json\" class=\"yoast-schema-graph\">{\"@context\":\"https:\/\/schema.org\",\"@graph\":[{\"@type\":\"WebPage\",\"@id\":\"https:\/\/rar-eko.si\/de\/montageobjekte\/\",\"url\":\"https:\/\/rar-eko.si\/de\/montageobjekte\/\",\"name\":\"Montageobjekte - schnell, effizient und nachhaltig | Hallen Rar-eko\",\"isPartOf\":{\"@id\":\"https:\/\/rar-eko.si\/de\/#website\"},\"datePublished\":\"2017-02-01T11:50:20+00:00\",\"dateModified\":\"2025-07-14T11:54:39+00:00\",\"description\":\"Vorgefertigte Geb\u00e4ude sind eine moderne und wirtschaftliche L\u00f6sung im Baugewerbe. Entdecken Sie unsere hochwertigen, flexiblen und nachhaltigen modularen Einheiten, die f\u00fcr viele Anwendungen geeignet sind.\",\"breadcrumb\":{\"@id\":\"https:\/\/rar-eko.si\/de\/montageobjekte\/#breadcrumb\"},\"inLanguage\":\"de-DE\",\"potentialAction\":[{\"@type\":\"ReadAction\",\"target\":[\"https:\/\/rar-eko.si\/de\/montageobjekte\/\"]}]},{\"@type\":\"BreadcrumbList\",\"@id\":\"https:\/\/rar-eko.si\/de\/montageobjekte\/#breadcrumb\",\"itemListElement\":[{\"@type\":\"ListItem\",\"position\":1,\"name\":\"Home\",\"item\":\"https:\/\/rar-eko.si\/de\/\"},{\"@type\":\"ListItem\",\"position\":2,\"name\":\"MONTAGEOBJEKTE\"}]},{\"@type\":\"WebSite\",\"@id\":\"https:\/\/rar-eko.si\/de\/#website\",\"url\":\"https:\/\/rar-eko.si\/de\/\",\"name\":\"Rar-eko\",\"description\":\"Varni pod streho !\",\"publisher\":{\"@id\":\"https:\/\/rar-eko.si\/de\/#organization\"},\"potentialAction\":[{\"@type\":\"SearchAction\",\"target\":{\"@type\":\"EntryPoint\",\"urlTemplate\":\"https:\/\/rar-eko.si\/de\/?s={search_term_string}\"},\"query-input\":\"required name=search_term_string\"}],\"inLanguage\":\"de-DE\"},{\"@type\":\"Organization\",\"@id\":\"https:\/\/rar-eko.si\/de\/#organization\",\"name\":\"Rar-eko\",\"url\":\"https:\/\/rar-eko.si\/de\/\",\"logo\":{\"@type\":\"ImageObject\",\"inLanguage\":\"de-DE\",\"@id\":\"https:\/\/rar-eko.si\/de\/#\/schema\/logo\/image\/\",\"url\":\"https:\/\/rar-eko.si\/wp-content\/uploads\/2023\/07\/rar-eco-logo.jpg\",\"contentUrl\":\"https:\/\/rar-eko.si\/wp-content\/uploads\/2023\/07\/rar-eco-logo.jpg\",\"width\":1080,\"height\":1080,\"caption\":\"Rar-eko\"},\"image\":{\"@id\":\"https:\/\/rar-eko.si\/de\/#\/schema\/logo\/image\/\"},\"sameAs\":[\"https:\/\/www.facebook.com\/RarecoKonstrukcije\/\"]}]}<\/script>\n<!-- \/ Yoast SEO plugin. -->","yoast_head_json":{"title":"Montageobjekte - schnell, effizient und nachhaltig | Hallen Rar-eko","description":"Vorgefertigte Geb\u00e4ude sind eine moderne und wirtschaftliche L\u00f6sung im Baugewerbe. Entdecken Sie unsere hochwertigen, flexiblen und nachhaltigen modularen Einheiten, die f\u00fcr viele Anwendungen geeignet sind.","robots":{"index":"index","follow":"follow","max-snippet":"max-snippet:-1","max-image-preview":"max-image-preview:large","max-video-preview":"max-video-preview:-1"},"canonical":"https:\/\/rar-eko.si\/de\/montageobjekte\/","og_locale":"de_DE","og_type":"article","og_title":"Montageobjekte - schnell, effizient und nachhaltig | Hallen Rar-eko","og_description":"Vorgefertigte Geb\u00e4ude sind eine moderne und wirtschaftliche L\u00f6sung im Baugewerbe. Entdecken Sie unsere hochwertigen, flexiblen und nachhaltigen modularen Einheiten, die f\u00fcr viele Anwendungen geeignet sind.","og_url":"https:\/\/rar-eko.si\/de\/montageobjekte\/","og_site_name":"RAR-EKO d.o.o.","article_publisher":"https:\/\/www.facebook.com\/RarecoKonstrukcije\/","article_modified_time":"2025-07-14T11:54:39+00:00","og_image":[{"width":200,"height":75,"url":"https:\/\/rar-eko.si\/wp-content\/uploads\/2023\/05\/rareco-logo.png","type":"image\/png"}],"twitter_card":"summary_large_image","twitter_misc":{"Gesch\u00e4tzte Lesezeit":"3 Minuten"},"schema":{"@context":"https:\/\/schema.org","@graph":[{"@type":"WebPage","@id":"https:\/\/rar-eko.si\/de\/montageobjekte\/","url":"https:\/\/rar-eko.si\/de\/montageobjekte\/","name":"Montageobjekte - schnell, effizient und nachhaltig | Hallen Rar-eko","isPartOf":{"@id":"https:\/\/rar-eko.si\/de\/#website"},"datePublished":"2017-02-01T11:50:20+00:00","dateModified":"2025-07-14T11:54:39+00:00","description":"Vorgefertigte Geb\u00e4ude sind eine moderne und wirtschaftliche L\u00f6sung im Baugewerbe. Entdecken Sie unsere hochwertigen, flexiblen und nachhaltigen modularen Einheiten, die f\u00fcr viele Anwendungen geeignet sind.","breadcrumb":{"@id":"https:\/\/rar-eko.si\/de\/montageobjekte\/#breadcrumb"},"inLanguage":"de-DE","potentialAction":[{"@type":"ReadAction","target":["https:\/\/rar-eko.si\/de\/montageobjekte\/"]}]},{"@type":"BreadcrumbList","@id":"https:\/\/rar-eko.si\/de\/montageobjekte\/#breadcrumb","itemListElement":[{"@type":"ListItem","position":1,"name":"Home","item":"https:\/\/rar-eko.si\/de\/"},{"@type":"ListItem","position":2,"name":"MONTAGEOBJEKTE"}]},{"@type":"WebSite","@id":"https:\/\/rar-eko.si\/de\/#website","url":"https:\/\/rar-eko.si\/de\/","name":"Rar-eko","description":"Varni pod streho !","publisher":{"@id":"https:\/\/rar-eko.si\/de\/#organization"},"potentialAction":[{"@type":"SearchAction","target":{"@type":"EntryPoint","urlTemplate":"https:\/\/rar-eko.si\/de\/?s={search_term_string}"},"query-input":"required name=search_term_string"}],"inLanguage":"de-DE"},{"@type":"Organization","@id":"https:\/\/rar-eko.si\/de\/#organization","name":"Rar-eko","url":"https:\/\/rar-eko.si\/de\/","logo":{"@type":"ImageObject","inLanguage":"de-DE","@id":"https:\/\/rar-eko.si\/de\/#\/schema\/logo\/image\/","url":"https:\/\/rar-eko.si\/wp-content\/uploads\/2023\/07\/rar-eco-logo.jpg","contentUrl":"https:\/\/rar-eko.si\/wp-content\/uploads\/2023\/07\/rar-eco-logo.jpg","width":1080,"height":1080,"caption":"Rar-eko"},"image":{"@id":"https:\/\/rar-eko.si\/de\/#\/schema\/logo\/image\/"},"sameAs":["https:\/\/www.facebook.com\/RarecoKonstrukcije\/"]}]}},"_links":{"self":[{"href":"https:\/\/rar-eko.si\/de\/wp-json\/wp\/v2\/pages\/2140"}],"collection":[{"href":"https:\/\/rar-eko.si\/de\/wp-json\/wp\/v2\/pages"}],"about":[{"href":"https:\/\/rar-eko.si\/de\/wp-json\/wp\/v2\/types\/page"}],"author":[{"embeddable":true,"href":"https:\/\/rar-eko.si\/de\/wp-json\/wp\/v2\/users\/20"}],"replies":[{"embeddable":true,"href":"https:\/\/rar-eko.si\/de\/wp-json\/wp\/v2\/comments?post=2140"}],"version-history":[{"count":5,"href":"https:\/\/rar-eko.si\/de\/wp-json\/wp\/v2\/pages\/2140\/revisions"}],"predecessor-version":[{"id":3442,"href":"https:\/\/rar-eko.si\/de\/wp-json\/wp\/v2\/pages\/2140\/revisions\/3442"}],"wp:attachment":[{"href":"https:\/\/rar-eko.si\/de\/wp-json\/wp\/v2\/media?parent=2140"}],"curies":[{"name":"wp","href":"https:\/\/api.w.org\/{rel}","templated":true}]}}