{"id":2039,"date":"2017-02-01T11:34:37","date_gmt":"2017-02-01T11:34:37","guid":{"rendered":"https:\/\/rar-eko.si\/das-rar-eco-team\/"},"modified":"2025-07-14T20:51:37","modified_gmt":"2025-07-14T20:51:37","slug":"das-rar-eco-team","status":"publish","type":"page","link":"https:\/\/rar-eko.si\/de\/das-rar-eco-team\/","title":{"rendered":"Das Rar-eko-Team"},"content":{"rendered":"<div class=\"wpb-content-wrapper\"><p>[vc_row full_width=&#8220;stretch_row&#8220; disable_element=&#8220;yes&#8220; row_type=&#8220;row_full_center_content&#8220; el_class=&#8220;core-projects&#8220; css=&#8220;.vc_custom_1752526201366{padding-top: 0px !important;padding-bottom: 20px !important;}&#8220;][vc_column][ind_custom_heading heading=&#8220;DEL NA\u0160E EKIPE&#8220; heading_color=&#8220;#213911&#8243; colored_line=&#8220;yes&#8220;][vc_column_text]<\/p>\n<p class=\"none\">Rar-eko d.o.o. ist ein Unternehmen, das sich mehr und mehr auf dem Markt der einfachen Fertigh\u00e4user etabliert, die nach den europ\u00e4ischen Richtlinien und der Norm SIST EN 13782:2015 hergestellt werden. Wir verf\u00fcgen \u00fcber erfahrene, gepr\u00fcfte Schwei\u00dfer in unserem Team und die Metallkonstruktionen werden gem\u00e4\u00df SIST EN 1090-1 und SIST EN 1090-2 hergestellt. Unsere Ingenieure und Designer helfen Ihnen dabei, Ihre W\u00fcnsche zu verwirklichen, die aus dem Rahmen fallen. Wir sind ein kleines, aber flexibles und effizientes Team. Wir halten uns an die neuesten Entwicklungen und verwenden Installationsmaterialien, die aus Slowenien stammen und deren Qualit\u00e4t allen Anforderungen entspricht. Wir haben vor kurzem neue Produktionsr\u00e4ume in der Komenda Business Zone erworben und verwirklichen damit unsere Vision, ein moderner, erfolgreicher und bezahlbarer langfristiger Gesch\u00e4ftspartner zu sein.<\/p>\n<p>[\/vc_column_text][\/vc_column][\/vc_row][vc_row disable_element=&#8220;yes&#8220; el_class=&#8220;team-pad&#8220; css=&#8220;.vc_custom_1752526244349{margin-bottom: -75px !important;}&#8220;][vc_column][ind_team_listing number=&#8220;8&#8243; column=&#8220;3&#8243;][vc_empty_space][vc_empty_space][ind_custom_heading heading=&#8220;Zakaj sodelovati z Rar-eko d.o.o. pri gradnji monta\u017enih objektov?&#8220; heading_color=&#8220;#213911&#8243; colored_line=&#8220;yes&#8220;][vc_row_inner][vc_column_inner width=&#8220;1\/2&#8243;][vc_column_text]<\/p>\n<ul>\n<li>Wir wurden mit einem Exzellenz-Rating ausgezeichnet.<\/li>\n<li>Wir erf\u00fcllen die Qualit\u00e4tsanforderungen f\u00fcr Schwei\u00dfarbeiten gem\u00e4\u00df <strong>SIST EN ISO 3834-3<\/strong>.<\/li>\n<li>Wir fertigen Konstruktionen nach <b>SIST EN 1090-1<\/b> und <b>SIST EN 1090-2<\/b>.<\/li>\n<li>Wir sind klein, aber das macht uns flexibel.<\/li>\n<li>Wir beziehen den Kunden aktiv in alle Produktionsprozesse ein.<\/li>\n<\/ul>\n<p>[\/vc_column_text][\/vc_column_inner][vc_column_inner width=&#8220;1\/2&#8243;][vc_column_text]<\/p>\n<ul>\n<li>Engagement, enge Zusammenarbeit mit den Kunden und Reaktionsf\u00e4higkeit.<\/li>\n<li>Wir bieten einen wettbewerbsf\u00e4higen Preis ohne &#8222;versteckte&#8220; Kosten.<\/li>\n<li>Wir haben Standardl\u00f6sungen.<\/li>\n<li>Wir haben auch ma\u00dfgeschneiderte\/gew\u00fcnschte L\u00f6sungen.<\/li>\n<li>Wir garantieren realistische Liefer- und Montagezeiten.<\/li>\n<\/ul>\n<p>[\/vc_column_text][\/vc_column_inner][\/vc_row_inner][vc_single_image image=&#8220;1575&#8243; img_size=&#8220;full&#8220; alignment=&#8220;center&#8220;][\/vc_column][\/vc_row][vc_row el_class=&#8220;team-pad&#8220; css=&#8220;.vc_custom_1634218074978{margin-bottom: -75px !important;}&#8220;][vc_column][vc_empty_space][ind_custom_heading heading=&#8220;Warum mit Rar-eko d.o.o. beim Bau von Fertigbauobjekten zusammenarbeiten?&#8220; heading_color=&#8220;#213911&#8243; colored_line=&#8220;yes&#8220;][vc_row_inner][vc_column_inner width=&#8220;1\/2&#8243;][vc_column_text]<\/p>\n<ul>\n<li>Wir wurden mit einem Exzellenz-Rating ausgezeichnet.<\/li>\n<li>Wir erf\u00fcllen die Qualit\u00e4tsanforderungen f\u00fcr Schwei\u00dfarbeiten gem\u00e4\u00df <strong>SIST EN ISO 3834-3<\/strong>.<\/li>\n<li>Wir fertigen Konstruktionen nach <b>SIST EN 1090-1<\/b> und <b>SIST EN 1090-2<\/b>.<\/li>\n<li>Wir sind klein, aber das macht uns flexibel.<\/li>\n<li>Wir beziehen den Kunden aktiv in alle Produktionsprozesse ein.<\/li>\n<\/ul>\n<p>[\/vc_column_text][\/vc_column_inner][vc_column_inner width=&#8220;1\/2&#8243;][vc_column_text]<\/p>\n<ul>\n<li>Engagement, enge Zusammenarbeit mit den Kunden und Reaktionsf\u00e4higkeit.<\/li>\n<li>Wir bieten einen wettbewerbsf\u00e4higen Preis ohne &#8222;versteckte&#8220; Kosten.<\/li>\n<li>Wir haben Standardl\u00f6sungen.<\/li>\n<li>Wir haben auch ma\u00dfgeschneiderte\/gew\u00fcnschte L\u00f6sungen.<\/li>\n<li>Wir garantieren realistische Liefer- und Montagezeiten.<\/li>\n<\/ul>\n<p>[\/vc_column_text][\/vc_column_inner][\/vc_row_inner][vc_single_image image=&#8220;1575&#8243; img_size=&#8220;full&#8220; alignment=&#8220;center&#8220;][\/vc_column][\/vc_row]<\/p>\n<\/div>","protected":false},"excerpt":{"rendered":"<p>[vc_row full_width=&#8220;stretch_row&#8220; disable_element=&#8220;yes&#8220; row_type=&#8220;row_full_center_content&#8220; el_class=&#8220;core-projects&#8220; css=&#8220;.vc_custom_1752526201366{padding-top: 0px !important;padding-bottom: 20px !important;}&#8220;][vc_column][ind_custom_heading heading=&#8220;DEL NA\u0160E EKIPE&#8220; heading_color=&#8220;#213911&#8243; colored_line=&#8220;yes&#8220;][vc_column_text] Rar-eko d.o.o. ist ein Unternehmen, das &#8230;<\/p>\n","protected":false},"author":20,"featured_media":0,"parent":0,"menu_order":0,"comment_status":"closed","ping_status":"closed","template":"","meta":{"footnotes":""},"yoast_head":"<!-- This site is optimized with the Yoast SEO plugin v22.1 - https:\/\/yoast.com\/wordpress\/plugins\/seo\/ -->\n<title>Treffen Sie einen Teil unseres Teams | Rar-eko<\/title>\n<meta name=\"description\" content=\"Rar-eko d.o.o. ist ein vielseitiges Team von engagierten und sorgf\u00e4ltigen Mitarbeitern. Von Projektmanagern bis zu Arbeitern in der Werkstatt.\" \/>\n<meta name=\"robots\" content=\"index, follow, max-snippet:-1, max-image-preview:large, max-video-preview:-1\" \/>\n<link rel=\"canonical\" href=\"https:\/\/rar-eko.si\/de\/das-rar-eco-team\/\" \/>\n<meta property=\"og:locale\" content=\"de_DE\" \/>\n<meta property=\"og:type\" content=\"article\" \/>\n<meta property=\"og:title\" content=\"Treffen Sie einen Teil unseres Teams | Rar-eko\" \/>\n<meta property=\"og:description\" content=\"Rar-eko d.o.o. ist ein vielseitiges Team von engagierten und sorgf\u00e4ltigen Mitarbeitern. Von Projektmanagern bis zu Arbeitern in der Werkstatt.\" \/>\n<meta property=\"og:url\" content=\"https:\/\/rar-eko.si\/de\/das-rar-eco-team\/\" \/>\n<meta property=\"og:site_name\" content=\"RAR-EKO d.o.o.\" \/>\n<meta property=\"article:publisher\" content=\"https:\/\/www.facebook.com\/RarecoKonstrukcije\/\" \/>\n<meta property=\"article:modified_time\" content=\"2025-07-14T20:51:37+00:00\" \/>\n<meta property=\"og:image\" content=\"https:\/\/rar-eko.si\/wp-content\/uploads\/2023\/05\/rareco-logo.png\" \/>\n\t<meta property=\"og:image:width\" content=\"200\" \/>\n\t<meta property=\"og:image:height\" content=\"75\" \/>\n\t<meta property=\"og:image:type\" content=\"image\/png\" \/>\n<meta name=\"twitter:card\" content=\"summary_large_image\" \/>\n<meta name=\"twitter:label1\" content=\"Gesch\u00e4tzte Lesezeit\" \/>\n\t<meta name=\"twitter:data1\" content=\"2 Minuten\" \/>\n<script type=\"application\/ld+json\" class=\"yoast-schema-graph\">{\"@context\":\"https:\/\/schema.org\",\"@graph\":[{\"@type\":\"WebPage\",\"@id\":\"https:\/\/rar-eko.si\/de\/das-rar-eco-team\/\",\"url\":\"https:\/\/rar-eko.si\/de\/das-rar-eco-team\/\",\"name\":\"Treffen Sie einen Teil unseres Teams | Rar-eko\",\"isPartOf\":{\"@id\":\"https:\/\/rar-eko.si\/de\/#website\"},\"datePublished\":\"2017-02-01T11:34:37+00:00\",\"dateModified\":\"2025-07-14T20:51:37+00:00\",\"description\":\"Rar-eko d.o.o. ist ein vielseitiges Team von engagierten und sorgf\u00e4ltigen Mitarbeitern. Von Projektmanagern bis zu Arbeitern in der Werkstatt.\",\"breadcrumb\":{\"@id\":\"https:\/\/rar-eko.si\/de\/das-rar-eco-team\/#breadcrumb\"},\"inLanguage\":\"de-DE\",\"potentialAction\":[{\"@type\":\"ReadAction\",\"target\":[\"https:\/\/rar-eko.si\/de\/das-rar-eco-team\/\"]}]},{\"@type\":\"BreadcrumbList\",\"@id\":\"https:\/\/rar-eko.si\/de\/das-rar-eco-team\/#breadcrumb\",\"itemListElement\":[{\"@type\":\"ListItem\",\"position\":1,\"name\":\"Home\",\"item\":\"https:\/\/rar-eko.si\/de\/\"},{\"@type\":\"ListItem\",\"position\":2,\"name\":\"Das Rar-eko-Team\"}]},{\"@type\":\"WebSite\",\"@id\":\"https:\/\/rar-eko.si\/de\/#website\",\"url\":\"https:\/\/rar-eko.si\/de\/\",\"name\":\"Rar-eko\",\"description\":\"Varni pod streho !\",\"publisher\":{\"@id\":\"https:\/\/rar-eko.si\/de\/#organization\"},\"potentialAction\":[{\"@type\":\"SearchAction\",\"target\":{\"@type\":\"EntryPoint\",\"urlTemplate\":\"https:\/\/rar-eko.si\/de\/?s={search_term_string}\"},\"query-input\":\"required name=search_term_string\"}],\"inLanguage\":\"de-DE\"},{\"@type\":\"Organization\",\"@id\":\"https:\/\/rar-eko.si\/de\/#organization\",\"name\":\"Rar-eko\",\"url\":\"https:\/\/rar-eko.si\/de\/\",\"logo\":{\"@type\":\"ImageObject\",\"inLanguage\":\"de-DE\",\"@id\":\"https:\/\/rar-eko.si\/de\/#\/schema\/logo\/image\/\",\"url\":\"https:\/\/rar-eko.si\/wp-content\/uploads\/2023\/07\/rar-eco-logo.jpg\",\"contentUrl\":\"https:\/\/rar-eko.si\/wp-content\/uploads\/2023\/07\/rar-eco-logo.jpg\",\"width\":1080,\"height\":1080,\"caption\":\"Rar-eko\"},\"image\":{\"@id\":\"https:\/\/rar-eko.si\/de\/#\/schema\/logo\/image\/\"},\"sameAs\":[\"https:\/\/www.facebook.com\/RarecoKonstrukcije\/\"]}]}<\/script>\n<!-- \/ Yoast SEO plugin. -->","yoast_head_json":{"title":"Treffen Sie einen Teil unseres Teams | Rar-eko","description":"Rar-eko d.o.o. ist ein vielseitiges Team von engagierten und sorgf\u00e4ltigen Mitarbeitern. Von Projektmanagern bis zu Arbeitern in der Werkstatt.","robots":{"index":"index","follow":"follow","max-snippet":"max-snippet:-1","max-image-preview":"max-image-preview:large","max-video-preview":"max-video-preview:-1"},"canonical":"https:\/\/rar-eko.si\/de\/das-rar-eco-team\/","og_locale":"de_DE","og_type":"article","og_title":"Treffen Sie einen Teil unseres Teams | Rar-eko","og_description":"Rar-eko d.o.o. ist ein vielseitiges Team von engagierten und sorgf\u00e4ltigen Mitarbeitern. Von Projektmanagern bis zu Arbeitern in der Werkstatt.","og_url":"https:\/\/rar-eko.si\/de\/das-rar-eco-team\/","og_site_name":"RAR-EKO d.o.o.","article_publisher":"https:\/\/www.facebook.com\/RarecoKonstrukcije\/","article_modified_time":"2025-07-14T20:51:37+00:00","og_image":[{"width":200,"height":75,"url":"https:\/\/rar-eko.si\/wp-content\/uploads\/2023\/05\/rareco-logo.png","type":"image\/png"}],"twitter_card":"summary_large_image","twitter_misc":{"Gesch\u00e4tzte Lesezeit":"2 Minuten"},"schema":{"@context":"https:\/\/schema.org","@graph":[{"@type":"WebPage","@id":"https:\/\/rar-eko.si\/de\/das-rar-eco-team\/","url":"https:\/\/rar-eko.si\/de\/das-rar-eco-team\/","name":"Treffen Sie einen Teil unseres Teams | Rar-eko","isPartOf":{"@id":"https:\/\/rar-eko.si\/de\/#website"},"datePublished":"2017-02-01T11:34:37+00:00","dateModified":"2025-07-14T20:51:37+00:00","description":"Rar-eko d.o.o. ist ein vielseitiges Team von engagierten und sorgf\u00e4ltigen Mitarbeitern. Von Projektmanagern bis zu Arbeitern in der Werkstatt.","breadcrumb":{"@id":"https:\/\/rar-eko.si\/de\/das-rar-eco-team\/#breadcrumb"},"inLanguage":"de-DE","potentialAction":[{"@type":"ReadAction","target":["https:\/\/rar-eko.si\/de\/das-rar-eco-team\/"]}]},{"@type":"BreadcrumbList","@id":"https:\/\/rar-eko.si\/de\/das-rar-eco-team\/#breadcrumb","itemListElement":[{"@type":"ListItem","position":1,"name":"Home","item":"https:\/\/rar-eko.si\/de\/"},{"@type":"ListItem","position":2,"name":"Das Rar-eko-Team"}]},{"@type":"WebSite","@id":"https:\/\/rar-eko.si\/de\/#website","url":"https:\/\/rar-eko.si\/de\/","name":"Rar-eko","description":"Varni pod streho !","publisher":{"@id":"https:\/\/rar-eko.si\/de\/#organization"},"potentialAction":[{"@type":"SearchAction","target":{"@type":"EntryPoint","urlTemplate":"https:\/\/rar-eko.si\/de\/?s={search_term_string}"},"query-input":"required name=search_term_string"}],"inLanguage":"de-DE"},{"@type":"Organization","@id":"https:\/\/rar-eko.si\/de\/#organization","name":"Rar-eko","url":"https:\/\/rar-eko.si\/de\/","logo":{"@type":"ImageObject","inLanguage":"de-DE","@id":"https:\/\/rar-eko.si\/de\/#\/schema\/logo\/image\/","url":"https:\/\/rar-eko.si\/wp-content\/uploads\/2023\/07\/rar-eco-logo.jpg","contentUrl":"https:\/\/rar-eko.si\/wp-content\/uploads\/2023\/07\/rar-eco-logo.jpg","width":1080,"height":1080,"caption":"Rar-eko"},"image":{"@id":"https:\/\/rar-eko.si\/de\/#\/schema\/logo\/image\/"},"sameAs":["https:\/\/www.facebook.com\/RarecoKonstrukcije\/"]}]}},"_links":{"self":[{"href":"https:\/\/rar-eko.si\/de\/wp-json\/wp\/v2\/pages\/2039"}],"collection":[{"href":"https:\/\/rar-eko.si\/de\/wp-json\/wp\/v2\/pages"}],"about":[{"href":"https:\/\/rar-eko.si\/de\/wp-json\/wp\/v2\/types\/page"}],"author":[{"embeddable":true,"href":"https:\/\/rar-eko.si\/de\/wp-json\/wp\/v2\/users\/20"}],"replies":[{"embeddable":true,"href":"https:\/\/rar-eko.si\/de\/wp-json\/wp\/v2\/comments?post=2039"}],"version-history":[{"count":6,"href":"https:\/\/rar-eko.si\/de\/wp-json\/wp\/v2\/pages\/2039\/revisions"}],"predecessor-version":[{"id":3464,"href":"https:\/\/rar-eko.si\/de\/wp-json\/wp\/v2\/pages\/2039\/revisions\/3464"}],"wp:attachment":[{"href":"https:\/\/rar-eko.si\/de\/wp-json\/wp\/v2\/media?parent=2039"}],"curies":[{"name":"wp","href":"https:\/\/api.w.org\/{rel}","templated":true}]}}