{"id":2022,"date":"2017-02-01T11:19:47","date_gmt":"2017-02-01T11:19:47","guid":{"rendered":"https:\/\/rar-eko.si\/ueber-uns\/"},"modified":"2025-07-14T13:10:27","modified_gmt":"2025-07-14T13:10:27","slug":"ueber-uns","status":"publish","type":"page","link":"https:\/\/rar-eko.si\/de\/ueber-uns\/","title":{"rendered":"\u00dcber uns"},"content":{"rendered":"<div class=\"wpb-content-wrapper\"><p>[vc_row row_type=&#8220;row_full_center_content&#8220; class=&#8220;max_width&#8220; el_class=&#8220;about-tab-box&#8220; css=&#8220;.vc_custom_1634381787120{margin-bottom: 58px !important;}&#8220;][vc_column][vc_tta_tour shape=&#8220;square&#8220; color=&#8220;white&#8220; active_section=&#8220;1&#8243; el_class=&#8220;margin_both&#8220;][vc_tta_section title=&#8220;UNSERE VISION&#8220; tab_id=&#8220;1468047646815-c140b87b-2725&#8243;][ind_custom_heading heading=&#8220;NA\u0160A VIZIJA&#8220; heading_color=&#8220;#6abb2f&#8220; colored_line=&#8220;yes&#8220;][vc_column_text el_class=&#8220;single-tab-content&#8220;]<\/p>\n<p class=\"none\">Wir bei Rar-eko d.o.o. setzen uns daf\u00fcr ein, die Zukunft des Bauens zu gestalten, indem wir innovative, robuste und langlebige Fertigteilkonstruktionen herstellen. Unsere Vision ist es, ein f\u00fchrendes Unternehmen im Bereich der vorgefertigten Strukturen zu werden und mit unseren innovativen L\u00f6sungen zur nachhaltigen und effizienten Entwicklung der Bauindustrie beizutragen.<\/p>\n<p class=\"none\">Mit unserem starken Fokus auf Qualit\u00e4t, kontinuierliche Innovation und Kundenorientierung wollen wir einen Raum schaffen, der nicht nur die Bed\u00fcrfnisse unserer Kunden erf\u00fcllt, sondern auch die Qualit\u00e4t der Lagerung und Arbeit verbessert. Mit unseren vorgefertigten Strukturen wollen wir sicherstellen, dass unsere Geb\u00e4ude ein Symbol f\u00fcr Nachhaltigkeit, Qualit\u00e4t und Innovation sind &#8211; Bauen f\u00fcr die Zukunft.<\/p>\n<p>[\/vc_column_text][vc_row_inner el_class=&#8220;about-top-sec&#8220;][vc_column_inner width=&#8220;1\/2&#8243;][vc_single_image image=&#8220;1297&#8243; img_size=&#8220;full&#8220;][\/vc_column_inner][vc_column_inner width=&#8220;1\/2&#8243;][vc_single_image image=&#8220;1299&#8243; img_size=&#8220;full&#8220;][\/vc_column_inner][\/vc_row_inner][\/vc_tta_section][vc_tta_section title=&#8220;UNSERE WERTE&#8220; tab_id=&#8220;1484209656247-2cd7f0b4-8423&#8243;][ind_custom_heading heading=&#8220;NA\u0160E VREDNOTE&#8220; heading_color=&#8220;#6abb2f&#8220; colored_line=&#8220;yes&#8220;][vc_column_text el_class=&#8220;single-tab-content&#8220;]Bei Rar-eko d.o.o. stehen unsere Werte im Mittelpunkt unseres Handelns und bilden die Grundlage f\u00fcr unseren Erfolg. In erster Linie legen wir Wert auf Professionalit\u00e4t, gute Partnerschaften und Innovation. Unser Engagement f\u00fcr Forschung und Entwicklung treibt uns an, st\u00e4ndig nach besseren, effizienteren und nachhaltigeren L\u00f6sungen f\u00fcr unsere Kunden zu suchen.[\/vc_column_text][vc_row_inner el_class=&#8220;about-top-sec&#8220;][vc_column_inner width=&#8220;1\/2&#8243;][vc_single_image image=&#8220;1297&#8243; img_size=&#8220;full&#8220;][\/vc_column_inner][vc_column_inner width=&#8220;1\/2&#8243;][vc_single_image image=&#8220;1299&#8243; img_size=&#8220;full&#8220;][\/vc_column_inner][\/vc_row_inner][\/vc_tta_section][vc_tta_section title=&#8220;UNSERE MISSION&#8220; tab_id=&#8220;1484209644740-84ba710d-a757&#8243;][ind_custom_heading heading=&#8220;NA\u0160A MISIJA&#8220; heading_color=&#8220;#6abb2f&#8220; colored_line=&#8220;yes&#8220;][vc_column_text el_class=&#8220;single-tab-content&#8220;]Wir verfolgen das Ziel, Bauwerke zu entwerfen und zu errichten, die robust und sicher sind und den maximalen Nutzen f\u00fcr den Endnutzer im Auge haben. Mit unseren Produkten schaffen wir hochmoderne und leistungsstarke R\u00e4ume f\u00fcr die moderne Lagerung. Wir sehen unsere bestehenden und potenziellen Kunden als Partner, mit denen wir die Zukunft der Vorfertigung gestalten. Wir sind bestrebt, ihre Erwartungen zu erf\u00fcllen und zu \u00fcbertreffen, indem wir hochwertige und ma\u00dfgeschneiderte L\u00f6sungen anbieten. All dies spiegelt sich in unserem Engagement f\u00fcr unsere Kunden und in unserem Wunsch wider, sie bei der Erreichung ihrer Ziele mit unseren vorgefertigten Strukturen zu unterst\u00fctzen.[\/vc_column_text][vc_row_inner el_class=&#8220;about-top-sec&#8220;][vc_column_inner width=&#8220;1\/2&#8243;][vc_single_image image=&#8220;1297&#8243; img_size=&#8220;full&#8220;][\/vc_column_inner][vc_column_inner width=&#8220;1\/2&#8243;][vc_single_image image=&#8220;1299&#8243; img_size=&#8220;full&#8220;][\/vc_column_inner][\/vc_row_inner][\/vc_tta_section][\/vc_tta_tour][\/vc_column][\/vc_row][vc_row row_type=&#8220;row_full_center_content&#8220;][vc_column][vc_empty_space][vc_single_image image=&#8220;1575&#8243; img_size=&#8220;full&#8220; alignment=&#8220;center&#8220;][vc_empty_space height=&#8220;75px&#8220;][\/vc_column][\/vc_row][vc_row disable_element=&#8220;yes&#8220; row_type=&#8220;row_full_center_content&#8220;][vc_column][vc_empty_space][vc_single_image image=&#8220;1575&#8243; img_size=&#8220;full&#8220; alignment=&#8220;center&#8220;][vc_empty_space height=&#8220;80px&#8220;][ind_custom_heading heading=&#8220;DEL NA\u0160E PREDANE EKIPE&#8220; heading_color=&#8220;#213911&#8243; colored_line=&#8220;yes&#8220;][ind_team_listing layout=&#8220;carousel&#8220; carousel_autoplay=&#8220;yes&#8220; column=&#8220;3&#8243; readmore_text=&#8220;&#8220;][vc_empty_space height=&#8220;75px&#8220;][\/vc_column][\/vc_row][vc_row full_width=&#8220;stretch_row&#8220; row_type=&#8220;row_full_center_content&#8220; padding_top=&#8220;80&#8243; padding_bottom=&#8220;80&#8243; css=&#8220;.vc_custom_1484217762755{background-color: #f5f4f4 !important;}&#8220; el_class=&#8220;res-ped sectpad&#8220;][vc_column][ind_custom_heading heading=&#8220;REFERENZEN&#8220; heading_color=&#8220;#213911&#8243; colored_line=&#8220;yes&#8220;][ind_testimonial_crousel layout=&#8220;carousel&#8220; carousel_autoplay=&#8220;yes&#8220; el_class=&#8220;about_testimonial_responsive&#8220;][\/vc_column][\/vc_row][vc_row row_type=&#8220;row_full_center_content&#8220; css=&#8220;.vc_custom_1634217886901{padding-top: 80px !important;padding-bottom: 0px !important;}&#8220;][vc_column][ind_custom_heading heading=&#8220;EINIGE UNSERER GESCH\u00c4TZTEN KUNDEN&#8220; heading_color=&#8220;#213911&#8243; colored_line=&#8220;yes&#8220;][ind_client_listing number=&#8220;6&#8243; layout=&#8220;carousel&#8220; column=&#8220;6&#8243;][\/vc_column][\/vc_row]<\/p>\n<\/div>","protected":false},"excerpt":{"rendered":"<p>[vc_row row_type=&#8220;row_full_center_content&#8220; class=&#8220;max_width&#8220; el_class=&#8220;about-tab-box&#8220; css=&#8220;.vc_custom_1634381787120{margin-bottom: 58px !important;}&#8220;][vc_column][vc_tta_tour shape=&#8220;square&#8220; color=&#8220;white&#8220; active_section=&#8220;1&#8243; el_class=&#8220;margin_both&#8220;][vc_tta_section title=&#8220;UNSERE VISION&#8220; tab_id=&#8220;1468047646815-c140b87b-2725&#8243;][ind_custom_heading heading=&#8220;NA\u0160A VIZIJA&#8220; heading_color=&#8220;#6abb2f&#8220; colored_line=&#8220;yes&#8220;][vc_column_text el_class=&#8220;single-tab-content&#8220;] Wir bei &#8230;<\/p>\n","protected":false},"author":20,"featured_media":0,"parent":0,"menu_order":0,"comment_status":"closed","ping_status":"closed","template":"","meta":{"footnotes":""},"yoast_head":"<!-- This site is optimized with the Yoast SEO plugin v22.1 - https:\/\/yoast.com\/wordpress\/plugins\/seo\/ -->\n<title>\u00dcber uns - RAR-EKO d.o.o.<\/title>\n<meta name=\"robots\" content=\"index, follow, max-snippet:-1, max-image-preview:large, max-video-preview:-1\" \/>\n<link rel=\"canonical\" href=\"https:\/\/rar-eko.si\/de\/ueber-uns\/\" \/>\n<meta property=\"og:locale\" content=\"de_DE\" \/>\n<meta property=\"og:type\" content=\"article\" \/>\n<meta property=\"og:title\" content=\"\u00dcber uns - RAR-EKO d.o.o.\" \/>\n<meta property=\"og:description\" content=\"[vc_row row_type=&#8220;row_full_center_content&#8220; class=&#8220;max_width&#8220; el_class=&#8220;about-tab-box&#8220; css=&#8220;.vc_custom_1634381787120{margin-bottom: 58px !important;}&#8220;][vc_column][vc_tta_tour shape=&#8220;square&#8220; color=&#8220;white&#8220; active_section=&#8220;1&#8243; el_class=&#8220;margin_both&#8220;][vc_tta_section title=&#8220;UNSERE VISION&#8220; tab_id=&#8220;1468047646815-c140b87b-2725&#8243;][ind_custom_heading heading=&#8220;NA\u0160A VIZIJA&#8220; heading_color=&#8220;#6abb2f&#8220; colored_line=&#8220;yes&#8220;][vc_column_text el_class=&#8220;single-tab-content&#8220;] Wir bei ...\" \/>\n<meta property=\"og:url\" content=\"https:\/\/rar-eko.si\/de\/ueber-uns\/\" \/>\n<meta property=\"og:site_name\" content=\"RAR-EKO d.o.o.\" \/>\n<meta property=\"article:publisher\" content=\"https:\/\/www.facebook.com\/RarecoKonstrukcije\/\" \/>\n<meta property=\"article:modified_time\" content=\"2025-07-14T13:10:27+00:00\" \/>\n<meta property=\"og:image\" content=\"https:\/\/rar-eko.si\/wp-content\/uploads\/2023\/05\/rareco-logo.png\" \/>\n\t<meta property=\"og:image:width\" content=\"200\" \/>\n\t<meta property=\"og:image:height\" content=\"75\" \/>\n\t<meta property=\"og:image:type\" content=\"image\/png\" \/>\n<meta name=\"twitter:card\" content=\"summary_large_image\" \/>\n<meta name=\"twitter:label1\" content=\"Gesch\u00e4tzte Lesezeit\" \/>\n\t<meta name=\"twitter:data1\" content=\"4 Minuten\" \/>\n<script type=\"application\/ld+json\" class=\"yoast-schema-graph\">{\"@context\":\"https:\/\/schema.org\",\"@graph\":[{\"@type\":\"WebPage\",\"@id\":\"https:\/\/rar-eko.si\/de\/ueber-uns\/\",\"url\":\"https:\/\/rar-eko.si\/de\/ueber-uns\/\",\"name\":\"\u00dcber uns - RAR-EKO d.o.o.\",\"isPartOf\":{\"@id\":\"https:\/\/rar-eko.si\/de\/#website\"},\"datePublished\":\"2017-02-01T11:19:47+00:00\",\"dateModified\":\"2025-07-14T13:10:27+00:00\",\"breadcrumb\":{\"@id\":\"https:\/\/rar-eko.si\/de\/ueber-uns\/#breadcrumb\"},\"inLanguage\":\"de-DE\",\"potentialAction\":[{\"@type\":\"ReadAction\",\"target\":[\"https:\/\/rar-eko.si\/de\/ueber-uns\/\"]}]},{\"@type\":\"BreadcrumbList\",\"@id\":\"https:\/\/rar-eko.si\/de\/ueber-uns\/#breadcrumb\",\"itemListElement\":[{\"@type\":\"ListItem\",\"position\":1,\"name\":\"Home\",\"item\":\"https:\/\/rar-eko.si\/de\/\"},{\"@type\":\"ListItem\",\"position\":2,\"name\":\"\u00dcber uns\"}]},{\"@type\":\"WebSite\",\"@id\":\"https:\/\/rar-eko.si\/de\/#website\",\"url\":\"https:\/\/rar-eko.si\/de\/\",\"name\":\"Rar-eko\",\"description\":\"Varni pod streho !\",\"publisher\":{\"@id\":\"https:\/\/rar-eko.si\/de\/#organization\"},\"potentialAction\":[{\"@type\":\"SearchAction\",\"target\":{\"@type\":\"EntryPoint\",\"urlTemplate\":\"https:\/\/rar-eko.si\/de\/?s={search_term_string}\"},\"query-input\":\"required name=search_term_string\"}],\"inLanguage\":\"de-DE\"},{\"@type\":\"Organization\",\"@id\":\"https:\/\/rar-eko.si\/de\/#organization\",\"name\":\"Rar-eko\",\"url\":\"https:\/\/rar-eko.si\/de\/\",\"logo\":{\"@type\":\"ImageObject\",\"inLanguage\":\"de-DE\",\"@id\":\"https:\/\/rar-eko.si\/de\/#\/schema\/logo\/image\/\",\"url\":\"https:\/\/rar-eko.si\/wp-content\/uploads\/2023\/07\/rar-eco-logo.jpg\",\"contentUrl\":\"https:\/\/rar-eko.si\/wp-content\/uploads\/2023\/07\/rar-eco-logo.jpg\",\"width\":1080,\"height\":1080,\"caption\":\"Rar-eko\"},\"image\":{\"@id\":\"https:\/\/rar-eko.si\/de\/#\/schema\/logo\/image\/\"},\"sameAs\":[\"https:\/\/www.facebook.com\/RarecoKonstrukcije\/\"]}]}<\/script>\n<!-- \/ Yoast SEO plugin. -->","yoast_head_json":{"title":"\u00dcber uns - RAR-EKO d.o.o.","robots":{"index":"index","follow":"follow","max-snippet":"max-snippet:-1","max-image-preview":"max-image-preview:large","max-video-preview":"max-video-preview:-1"},"canonical":"https:\/\/rar-eko.si\/de\/ueber-uns\/","og_locale":"de_DE","og_type":"article","og_title":"\u00dcber uns - RAR-EKO d.o.o.","og_description":"[vc_row row_type=&#8220;row_full_center_content&#8220; class=&#8220;max_width&#8220; el_class=&#8220;about-tab-box&#8220; css=&#8220;.vc_custom_1634381787120{margin-bottom: 58px !important;}&#8220;][vc_column][vc_tta_tour shape=&#8220;square&#8220; color=&#8220;white&#8220; active_section=&#8220;1&#8243; el_class=&#8220;margin_both&#8220;][vc_tta_section title=&#8220;UNSERE VISION&#8220; tab_id=&#8220;1468047646815-c140b87b-2725&#8243;][ind_custom_heading heading=&#8220;NA\u0160A VIZIJA&#8220; heading_color=&#8220;#6abb2f&#8220; colored_line=&#8220;yes&#8220;][vc_column_text el_class=&#8220;single-tab-content&#8220;] Wir bei ...","og_url":"https:\/\/rar-eko.si\/de\/ueber-uns\/","og_site_name":"RAR-EKO d.o.o.","article_publisher":"https:\/\/www.facebook.com\/RarecoKonstrukcije\/","article_modified_time":"2025-07-14T13:10:27+00:00","og_image":[{"width":200,"height":75,"url":"https:\/\/rar-eko.si\/wp-content\/uploads\/2023\/05\/rareco-logo.png","type":"image\/png"}],"twitter_card":"summary_large_image","twitter_misc":{"Gesch\u00e4tzte Lesezeit":"4 Minuten"},"schema":{"@context":"https:\/\/schema.org","@graph":[{"@type":"WebPage","@id":"https:\/\/rar-eko.si\/de\/ueber-uns\/","url":"https:\/\/rar-eko.si\/de\/ueber-uns\/","name":"\u00dcber uns - RAR-EKO d.o.o.","isPartOf":{"@id":"https:\/\/rar-eko.si\/de\/#website"},"datePublished":"2017-02-01T11:19:47+00:00","dateModified":"2025-07-14T13:10:27+00:00","breadcrumb":{"@id":"https:\/\/rar-eko.si\/de\/ueber-uns\/#breadcrumb"},"inLanguage":"de-DE","potentialAction":[{"@type":"ReadAction","target":["https:\/\/rar-eko.si\/de\/ueber-uns\/"]}]},{"@type":"BreadcrumbList","@id":"https:\/\/rar-eko.si\/de\/ueber-uns\/#breadcrumb","itemListElement":[{"@type":"ListItem","position":1,"name":"Home","item":"https:\/\/rar-eko.si\/de\/"},{"@type":"ListItem","position":2,"name":"\u00dcber uns"}]},{"@type":"WebSite","@id":"https:\/\/rar-eko.si\/de\/#website","url":"https:\/\/rar-eko.si\/de\/","name":"Rar-eko","description":"Varni pod streho !","publisher":{"@id":"https:\/\/rar-eko.si\/de\/#organization"},"potentialAction":[{"@type":"SearchAction","target":{"@type":"EntryPoint","urlTemplate":"https:\/\/rar-eko.si\/de\/?s={search_term_string}"},"query-input":"required name=search_term_string"}],"inLanguage":"de-DE"},{"@type":"Organization","@id":"https:\/\/rar-eko.si\/de\/#organization","name":"Rar-eko","url":"https:\/\/rar-eko.si\/de\/","logo":{"@type":"ImageObject","inLanguage":"de-DE","@id":"https:\/\/rar-eko.si\/de\/#\/schema\/logo\/image\/","url":"https:\/\/rar-eko.si\/wp-content\/uploads\/2023\/07\/rar-eco-logo.jpg","contentUrl":"https:\/\/rar-eko.si\/wp-content\/uploads\/2023\/07\/rar-eco-logo.jpg","width":1080,"height":1080,"caption":"Rar-eko"},"image":{"@id":"https:\/\/rar-eko.si\/de\/#\/schema\/logo\/image\/"},"sameAs":["https:\/\/www.facebook.com\/RarecoKonstrukcije\/"]}]}},"_links":{"self":[{"href":"https:\/\/rar-eko.si\/de\/wp-json\/wp\/v2\/pages\/2022"}],"collection":[{"href":"https:\/\/rar-eko.si\/de\/wp-json\/wp\/v2\/pages"}],"about":[{"href":"https:\/\/rar-eko.si\/de\/wp-json\/wp\/v2\/types\/page"}],"author":[{"embeddable":true,"href":"https:\/\/rar-eko.si\/de\/wp-json\/wp\/v2\/users\/20"}],"replies":[{"embeddable":true,"href":"https:\/\/rar-eko.si\/de\/wp-json\/wp\/v2\/comments?post=2022"}],"version-history":[{"count":5,"href":"https:\/\/rar-eko.si\/de\/wp-json\/wp\/v2\/pages\/2022\/revisions"}],"predecessor-version":[{"id":3455,"href":"https:\/\/rar-eko.si\/de\/wp-json\/wp\/v2\/pages\/2022\/revisions\/3455"}],"wp:attachment":[{"href":"https:\/\/rar-eko.si\/de\/wp-json\/wp\/v2\/media?parent=2022"}],"curies":[{"name":"wp","href":"https:\/\/api.w.org\/{rel}","templated":true}]}}